{"id":44,"date":"2024-04-08T02:26:12","date_gmt":"2024-04-08T00:26:12","guid":{"rendered":"https:\/\/subclub.200.solutions\/?page_id=44"},"modified":"2024-05-01T21:55:45","modified_gmt":"2024-05-01T19:55:45","slug":"kontakt","status":"publish","type":"page","link":"https:\/\/subclub.200.solutions\/?page_id=44","title":{"rendered":"Kontakt"},"content":{"rendered":"<section class=\"bde-section-44-100 bde-section\">\n  \n\t\n\n\n\n<div class=\"section-container\"><h1 class=\"bde-heading-44-117 bde-heading\">\nKontakt\n<\/h1><div class=\"bde-google-map-44-105 bde-google-map\">\n\r\n<iframe width=\"100%\" height=\"100%\" style=\"border:0\" loading=\"lazy\" src=\"https:\/\/maps.google.com\/maps?q=B%C4%9Blehradsk%C3%A1+122&t=m&z=16&output=embed&iwloc=near\" allowfullscreen><\/iframe>\n\n<\/div><div class=\"bde-columns-44-106 bde-columns\"><div class=\"bde-column-44-107 bde-column\">\n  \n\t\n\n\n\n<h2 class=\"bde-heading-44-108 bde-heading\">\nOzv\u011bte se n\u00e1m\n<\/h2><div class=\"bde-icon-box-44-109 bde-icon-box\">\n\n    \n            <div class=\"ee-iconbox-icon breakdance-icon-atom\" >\n    \n                    <svg xmlns=\"http:\/\/www.w3.org\/2000\/svg\" width=\"19\" height=\"19\" viewBox=\"0 0 19 19\" fill=\"none\">\n<path d=\"M17.0002 8.999H19.0002C19.0002 3.869 15.1272 0 9.99023 0V2C14.0522 2 17.0002 4.943 17.0002 8.999Z\" fill=\"black\"\/>\n<path d=\"M10.0003 5.99999C12.1033 5.99999 13.0003 6.89699 13.0003 8.99999H15.0003C15.0003 5.77499 13.2253 3.99999 10.0003 3.99999V5.99999ZM13.4223 11.443C13.2301 11.2683 12.9776 11.1752 12.7181 11.1832C12.4585 11.1912 12.2123 11.2998 12.0313 11.486L9.63828 13.947C9.06228 13.837 7.90428 13.476 6.71228 12.287C5.52028 11.094 5.15928 9.933 5.05228 9.361L7.51128 6.96699C7.69769 6.78612 7.80642 6.53982 7.81444 6.2802C7.82247 6.02059 7.72917 5.76804 7.55428 5.57599L3.85928 1.51299C3.68432 1.32035 3.44116 1.2035 3.18143 1.18725C2.92171 1.17101 2.66588 1.25665 2.46828 1.42599L0.298282 3.28699C0.125393 3.46051 0.0222015 3.69145 0.00828196 3.93599C-0.00671804 4.18599 -0.292718 10.108 4.29928 14.702C8.30528 18.707 13.3233 19 14.7053 19C14.9073 19 15.0313 18.994 15.0643 18.992C15.3088 18.9783 15.5396 18.8747 15.7123 18.701L17.5723 16.53C17.7417 16.3325 17.8276 16.0768 17.8115 15.817C17.7954 15.5573 17.6788 15.3141 17.4863 15.139L13.4223 11.443V11.443Z\" fill=\"black\"\/>\n<\/svg>\n        \n        \n        \n            <\/div>\n    \n\n<div class=\"ee-iconbox-content\">\n      <h3 class=\"ee-iconbox-title\" >Telefon:<\/h3>\n        <div class=\"ee-iconbox-text\" >+420 777 006 244<\/div>\n    <\/div>\n\n<\/div><div class=\"bde-icon-box-44-110 bde-icon-box\">\n\n    \n            <div class=\"ee-iconbox-icon breakdance-icon-atom\" >\n    \n                    <svg xmlns=\"http:\/\/www.w3.org\/2000\/svg\" width=\"19\" height=\"15\" viewBox=\"0 0 19 15\" fill=\"none\">\n<path d=\"M18.0503 0.00625456C17.9694 -0.00208485 17.8878 -0.00208485 17.8069 0.00625456H1.18187C1.07532 0.00789636 0.969477 0.0238731 0.867188 0.0537545L9.44687 8.59782L18.0503 0.00625456Z\" fill=\"black\"\/>\n<path d=\"M18.9288 0.879089L10.2837 9.48846C10.0613 9.70964 9.76028 9.83378 9.44656 9.83378C9.13284 9.83378 8.83187 9.70964 8.60938 9.48846L0.0415625 0.944402C0.0152234 1.04121 0.00125797 1.14096 0 1.24128V13.1163C0 13.4312 0.125111 13.7333 0.347811 13.956C0.57051 14.1787 0.872555 14.3038 1.1875 14.3038H17.8125C18.1274 14.3038 18.4295 14.1787 18.6522 13.956C18.8749 13.7333 19 13.4312 19 13.1163V1.24128C18.9953 1.11757 18.9712 0.995367 18.9288 0.879089V0.879089ZM2.00094 13.1163H1.17563V12.2672L5.49219 7.98628L6.32937 8.82346L2.00094 13.1163ZM17.8006 13.1163H16.9694L12.6409 8.82346L13.4781 7.98628L17.7947 12.2672L17.8006 13.1163Z\" fill=\"black\"\/>\n<\/svg>\n        \n        \n        \n            <\/div>\n    \n\n<div class=\"ee-iconbox-content\">\n      <h3 class=\"ee-iconbox-title\" >Emailov\u00e1 adresa<\/h3>\n        <div class=\"ee-iconbox-text\" >info@subklub.cz<\/div>\n    <\/div>\n\n<\/div><div class=\"bde-icon-box-44-111 bde-icon-box\">\n\n    \n            <div class=\"ee-iconbox-icon breakdance-icon-atom\" >\n    \n                    <svg xmlns=\"http:\/\/www.w3.org\/2000\/svg\" width=\"17\" height=\"22\" viewBox=\"0 0 17 22\" fill=\"none\">\n<path d=\"M8.5 0C6.24648 0.00270323 4.08602 0.914156 2.49253 2.53442C0.899053 4.15468 0.00266759 6.35146 9.04313e-06 8.64286C-0.00269001 10.5154 0.598857 12.3371 1.71237 13.8286C1.71237 13.8286 1.94419 14.1389 1.98205 14.1837L8.5 22L15.021 14.1798C15.055 14.1381 15.2876 13.8286 15.2876 13.8286L15.2884 13.8262C16.4014 12.3354 17.0026 10.5145 17 8.64286C16.9973 6.35146 16.1009 4.15468 14.5075 2.53442C12.914 0.914156 10.7535 0.00270323 8.5 0ZM8.5 11.7857C7.88868 11.7857 7.29108 11.6014 6.78278 11.256C6.27449 10.9107 5.87832 10.4199 5.64438 9.84558C5.41043 9.27129 5.34922 8.63937 5.46849 8.02972C5.58775 7.42006 5.88213 6.86006 6.3144 6.42052C6.74667 5.98098 7.29742 5.68166 7.89699 5.56039C8.49657 5.43912 9.11805 5.50136 9.68284 5.73924C10.2476 5.97711 10.7304 6.37994 11.07 6.89678C11.4096 7.41362 11.5909 8.02126 11.5909 8.64286C11.5899 9.47608 11.2639 10.2749 10.6845 10.864C10.105 11.4532 9.31945 11.7847 8.5 11.7857Z\" fill=\"black\"\/>\n<\/svg>\n        \n        \n        \n            <\/div>\n    \n\n<div class=\"ee-iconbox-content\">\n      <h3 class=\"ee-iconbox-title\" >lokace:<\/h3>\n        <div class=\"ee-iconbox-text\" > B\u011blehradsk\u00e1 383\/122, 120 00 Praha 2-Vinohrady<\/div>\n    <\/div>\n\n<\/div>\n<\/div><div class=\"bde-column-44-112 bde-column\">\n  \n\t\n\n\n\n<h2 class=\"bde-heading-44-113 bde-heading\">\nRezervace\n<\/h2><div class=\"bde-form-builder-44-114 bde-form-builder\">\n\n\n<form id=\"contact-form114\" class=\"breakdance-form breakdance-form--vertical \" data-options=\"{&quot;slug&quot;:&quot;custom&quot;,&quot;name&quot;:&quot;Contact Form&quot;,&quot;ajaxUrl&quot;:&quot;https:\\\/\\\/subclub.200.solutions\\\/wp-admin\\\/admin-ajax.php&quot;,&quot;clearOnSuccess&quot;:true,&quot;hideOnSuccess&quot;:false,&quot;successMessage&quot;:&quot;D\\u011bkujeme V\\u00e1m za rezervaci.&quot;,&quot;errorMessage&quot;:&quot;Bohu\\u017eel se n\\u011bco pokazilo.&quot;,&quot;redirect&quot;:false,&quot;redirectUrl&quot;:&quot;&quot;,&quot;customJavaScript&quot;:&quot;&quot;,&quot;recaptcha&quot;:{&quot;key&quot;:&quot;&quot;,&quot;enabled&quot;:false},&quot;honeypot_enabled&quot;:false,&quot;popupsOnSuccess&quot;:[],&quot;popupsOnError&quot;:[]}\" data-steps=\"0\" >\n  \n  \n  \n<div class=\"breakdance-form-field breakdance-form-field--text\" >\n    \n    \n            <label class=\"breakdance-form-field__label\" for=\"name\">\n            Jm\u00e9no<span class=\"breakdance-form-field__required\">*<\/span>\n        <\/label>\n    \n    <input\n    class=\"breakdance-form-field__input\"\n    id=\"name\"\n    aria-describedby=\"name\"\n    type=\"text\"\n    name=\"fields[name]\"\n    placeholder=\"Jm\u00e9no\"\n    value=\"\"\n                \n        \n        \n    required\n    \n    \n>\n\n\n    \n    \n<\/div>\n\n\n<div class=\"breakdance-form-field breakdance-form-field--email\" >\n    \n    \n            <label class=\"breakdance-form-field__label\" for=\"email\">\n            Email<span class=\"breakdance-form-field__required\">*<\/span>\n        <\/label>\n    \n    <input\n    class=\"breakdance-form-field__input\"\n    id=\"email\"\n    aria-describedby=\"email\"\n    type=\"email\"\n    name=\"fields[email]\"\n    placeholder=\"Email\"\n    value=\"\"\n                \n        \n        \n    required\n    \n    \n>\n\n\n    \n    \n<\/div>\n\n\n<div class=\"breakdance-form-field breakdance-form-field--tel\" >\n    \n    \n            <label class=\"breakdance-form-field__label\" for=\"ffkijf\">\n            Telefon\n        <\/label>\n    \n    <input\n    class=\"breakdance-form-field__input\"\n    id=\"ffkijf\"\n    aria-describedby=\"ffkijf\"\n    type=\"tel\"\n    name=\"fields[ffkijf]\"\n    placeholder=\"Telefon\"\n    value=\"\"\n                \n        \n        \n    \n    \n    \n>\n\n\n    \n    \n<\/div>\n\n\n<div class=\"breakdance-form-field breakdance-form-field--textarea\" >\n    \n    \n            <label class=\"breakdance-form-field__label\" for=\"message\">\n            Zpr\u00e1va<span class=\"breakdance-form-field__required\">*<\/span>\n        <\/label>\n    \n    <textarea\n    class=\"breakdance-form-field__input\"\n    id=\"message\"\n    aria-describedby=\"message\"\n    type=\"textarea\"\n    name=\"fields[message]\"\n        placeholder=\"Zpr\u00e1va\"\n    required\n    >\n<\/textarea>\n\n\n    \n    \n<\/div>\n\n\n<div class=\"breakdance-form-field breakdance-form-field--date\" >\n    \n    \n            <label class=\"breakdance-form-field__label\" for=\"krxjdf\">\n            Datum\n        <\/label>\n    \n    <input\n    class=\"breakdance-form-field__input\"\n    id=\"krxjdf\"\n    aria-describedby=\"krxjdf\"\n    type=\"date\"\n    name=\"fields[krxjdf]\"\n    placeholder=\"\"\n    value=\"\"\n                \n        \n        \n    \n    \n    \n>\n\n\n    \n    \n<\/div>\n\n\n<div class=\"breakdance-form-field breakdance-form-field--time\" >\n    \n    \n            <label class=\"breakdance-form-field__label\" for=\"ssynjz\">\n            \u010cas\n        <\/label>\n    \n    <input\n    class=\"breakdance-form-field__input\"\n    id=\"ssynjz\"\n    aria-describedby=\"ssynjz\"\n    type=\"time\"\n    name=\"fields[ssynjz]\"\n    placeholder=\"\"\n    value=\"\"\n                \n        \n        \n    \n    \n    \n>\n\n\n    \n    \n<\/div>\n\n\n  \n\n<div class=\"breakdance-form-field breakdance-form-footer\">\n    \n    \n                                    \n    \n    \n    \n    \n            \n            <button type=\"submit\" class=\"button-atom button-atom--primary breakdance-form-button breakdance-form-button__submit\"  >\n    \n        <span class=\"button-atom__text\">Rezervovat<\/span>\n\n        \n        \n            <\/button>\n    \n    <input type=\"hidden\" name=\"form_id\" value=\"114\">\n    <input type=\"hidden\" name=\"post_id\" value=\"44\">\n<\/div>\n\n  \n<\/form>\n\n\n\n<\/div>\n<\/div><\/div><\/div>\n<\/section>","protected":false},"excerpt":{"rendered":"<p>Kontakt Ozv\u011bte se n\u00e1m Telefon: +420 777 006 244 Emailov\u00e1 adresa info@subklub.cz lokace: B\u011blehradsk\u00e1 383\/122, 120 00 Praha 2-Vinohrady Rezervace Jm\u00e9no* Email* Telefon Zpr\u00e1va* Datum \u010cas Rezervovat<\/p>\n","protected":false},"author":1,"featured_media":0,"parent":0,"menu_order":0,"comment_status":"closed","ping_status":"closed","template":"","meta":{"inline_featured_image":false,"_breakdance_hide_in_design_set":false,"_breakdance_tags":"","footnotes":""},"class_list":["post-44","page","type-page","status-publish","hentry"],"_links":{"self":[{"href":"https:\/\/subclub.200.solutions\/index.php?rest_route=\/wp\/v2\/pages\/44","targetHints":{"allow":["GET"]}}],"collection":[{"href":"https:\/\/subclub.200.solutions\/index.php?rest_route=\/wp\/v2\/pages"}],"about":[{"href":"https:\/\/subclub.200.solutions\/index.php?rest_route=\/wp\/v2\/types\/page"}],"author":[{"embeddable":true,"href":"https:\/\/subclub.200.solutions\/index.php?rest_route=\/wp\/v2\/users\/1"}],"replies":[{"embeddable":true,"href":"https:\/\/subclub.200.solutions\/index.php?rest_route=%2Fwp%2Fv2%2Fcomments&post=44"}],"version-history":[{"count":6,"href":"https:\/\/subclub.200.solutions\/index.php?rest_route=\/wp\/v2\/pages\/44\/revisions"}],"predecessor-version":[{"id":87,"href":"https:\/\/subclub.200.solutions\/index.php?rest_route=\/wp\/v2\/pages\/44\/revisions\/87"}],"wp:attachment":[{"href":"https:\/\/subclub.200.solutions\/index.php?rest_route=%2Fwp%2Fv2%2Fmedia&parent=44"}],"curies":[{"name":"wp","href":"https:\/\/api.w.org\/{rel}","templated":true}]}}